{"id":1134,"date":"2025-04-06T14:32:30","date_gmt":"2025-04-06T11:32:30","guid":{"rendered":"https:\/\/thelumebodrum.com\/a-propos-de-nous\/"},"modified":"2025-05-06T19:51:51","modified_gmt":"2025-05-06T16:51:51","slug":"a-propos-de-nous","status":"publish","type":"page","link":"https:\/\/thelumebodrum.com\/fr\/a-propos-de-nous\/","title":{"rendered":"\u00c0 propos de nous"},"content":{"rendered":"\n<style type=\"text\/css\" data-created_by=\"avia_inline_auto\" id=\"style-css-av-25peb-5a0274d0664fce86cb36b67713b148d5\">\n.avia-section.av-25peb-5a0274d0664fce86cb36b67713b148d5{\nbackground-repeat:no-repeat;\nbackground-image:url(https:\/\/thelumebodrum.com\/wp-content\/uploads\/2025\/05\/the-lume-hotel-sl3.jpg);\nbackground-position:50% 50%;\nbackground-attachment:fixed;\n}\n.avia-section.av-25peb-5a0274d0664fce86cb36b67713b148d5 .av-section-color-overlay{\nopacity:0.6;\nbackground-color:#0a0a0a;\n}\n<\/style>\n<div id='av_section_1'  class='avia-section av-25peb-5a0274d0664fce86cb36b67713b148d5 main_color avia-section-default avia-no-border-styling  avia-builder-el-0  avia-builder-el-no-sibling  avia-full-stretch avia-bg-style-fixed av-section-color-overlay-active av-minimum-height av-minimum-height-100 av-height-100  container_wrap sidebar_right'  data-section-bg-repeat='stretch' data-av_minimum_height_pc='100' data-av_min_height_opt='100'><div class=\"av-section-color-overlay-wrap\"><div class=\"av-section-color-overlay\"><\/div><div class='container av-section-cont-open' ><main  role=\"main\" itemprop=\"mainContentOfPage\"  class='template-page content  av-content-small alpha units'><div class='post-entry post-entry-type-page post-entry-1134'><div class='entry-content-wrapper clearfix'>\n\n<style type=\"text\/css\" data-created_by=\"avia_inline_auto\" id=\"style-css-av-6ckj-b5cd1b614b0f76929f82b6750e2b8cc8\">\n.flex_column.av-6ckj-b5cd1b614b0f76929f82b6750e2b8cc8{\npadding:30px 30px 30px 30px;\nbackground-color:#ffffff;\n}\n.avia_transform .flex_column.av-6ckj-b5cd1b614b0f76929f82b6750e2b8cc8{\n-webkit-animation-duration:2s;\n-moz-animation-duration:2s;\nanimation-duration:2s;\n}\n\n@media only screen and (min-width: 990px){ \n.flex_column.av-6ckj-b5cd1b614b0f76929f82b6750e2b8cc8{\npadding:30px 30px 30px 30px;\n}\n}\n<\/style>\n<div  class='flex_column av-6ckj-b5cd1b614b0f76929f82b6750e2b8cc8 av_one_half  avia-builder-el-1  el_before_av_one_half  avia-builder-el-first  first flex_column_div av-animated-generic left-to-right  '     ><p>\n<style type=\"text\/css\" data-created_by=\"avia_inline_auto\" id=\"style-css-av-m98kwyuk-8011499b936bc0be6cd763f651956464\">\n#top .av-special-heading.av-m98kwyuk-8011499b936bc0be6cd763f651956464{\npadding-bottom:10px;\n}\nbody .av-special-heading.av-m98kwyuk-8011499b936bc0be6cd763f651956464 .av-special-heading-tag .heading-char{\nfont-size:25px;\n}\n.av-special-heading.av-m98kwyuk-8011499b936bc0be6cd763f651956464 .av-subheading{\nfont-size:15px;\n}\n<\/style>\n<div  class='av-special-heading av-m98kwyuk-8011499b936bc0be6cd763f651956464 av-special-heading-h3  avia-builder-el-2  el_before_av_textblock  avia-builder-el-first '><h3 class='av-special-heading-tag'  itemprop=\"headline\"  >\u00c0 propos de nous<\/h3><div class=\"special-heading-border\"><div class=\"special-heading-inner-border\"><\/div><\/div><\/div><br \/>\n\n<style type=\"text\/css\" data-created_by=\"avia_inline_auto\" id=\"style-css-av-m98kwutn-3ea533c3016e5dd20f7c9a25a1c415a7\">\n#top .av_textblock_section.av-m98kwutn-3ea533c3016e5dd20f7c9a25a1c415a7 .avia_textblock{\ncolor:#0a0a0a;\n}\n<\/style>\n<section  class='av_textblock_section av-m98kwutn-3ea533c3016e5dd20f7c9a25a1c415a7 '   itemscope=\"itemscope\" itemtype=\"https:\/\/schema.org\/CreativeWork\" ><div class='avia_textblock av_inherit_color'  itemprop=\"text\" ><p style=\"text-align: left;\">Au The Lume Boutique Hotel Restaurant SPA, nous vous proposons une atmosph\u00e8re raffin\u00e9e alliant s\u00e9r\u00e9nit\u00e9, \u00e9l\u00e9gance et confort, au c\u0153ur de l\u2019un des quartiers les plus anim\u00e9s de Bodrum : G\u00fcmbet. \u00c0 seulement quelques pas du centre-ville, de la mer, des commerces et des lieux de divertissement, notre emplacement privil\u00e9gi\u00e9 vous permet de vivre pleinement l\u2019\u00e9nergie de Bodrum tout en vous offrant un refuge paisible quand vous le souhaitez.<\/p>\n<p style=\"text-align: left;\">Chaque d\u00e9tail au The Lume est pens\u00e9 avec soin pour marier le confort chaleureux d\u2019un chez-soi \u00e0 un luxe discret. Architecture sophistiqu\u00e9e, chambres \u00e9l\u00e9gamment d\u00e9cor\u00e9es, restaurant aux saveurs raffin\u00e9es, espace SPA d\u00e9di\u00e9 au bien-\u00eatre du corps et de l\u2019esprit : chaque instant devient une exp\u00e9rience unique.<\/p>\n<p style=\"text-align: left;\">Accueillir nos h\u00f4tes, c\u2019est bien plus qu\u2019un service : c\u2019est offrir un v\u00e9ritable sentiment d\u2019appartenance. The Lume n\u2019est pas simplement une destination, c\u2019est le commencement d\u2019un s\u00e9jour inoubliable pour ceux qui recherchent \u00e9l\u00e9gance, confort et authenticit\u00e9 \u00e0 Bodrum.<\/p>\n<\/div><\/section><\/p><\/div><div  class='flex_column av-nvqr-bed01ce3fbf53c7fa41d039454bd3422 av_one_half  avia-builder-el-4  el_after_av_one_half  avia-builder-el-last  flex_column_div  '     ><\/div><\/div><\/div><\/main><!-- close content main element --><\/div><\/div><\/div><div id='after_section_1'  class='main_color av_default_container_wrap container_wrap sidebar_right'  ><div class='container av-section-cont-open' ><div class='template-page content  av-content-small alpha units'><div class='post-entry post-entry-type-page post-entry-1134'><div class='entry-content-wrapper clearfix'>\n","protected":false},"excerpt":{"rendered":"","protected":false},"author":1,"featured_media":0,"parent":0,"menu_order":0,"comment_status":"closed","ping_status":"closed","template":"","meta":{"_joinchat":[],"footnotes":""},"class_list":["post-1134","page","type-page","status-publish","hentry"],"aioseo_notices":[],"_links":{"self":[{"href":"https:\/\/thelumebodrum.com\/fr\/wp-json\/wp\/v2\/pages\/1134","targetHints":{"allow":["GET"]}}],"collection":[{"href":"https:\/\/thelumebodrum.com\/fr\/wp-json\/wp\/v2\/pages"}],"about":[{"href":"https:\/\/thelumebodrum.com\/fr\/wp-json\/wp\/v2\/types\/page"}],"author":[{"embeddable":true,"href":"https:\/\/thelumebodrum.com\/fr\/wp-json\/wp\/v2\/users\/1"}],"replies":[{"embeddable":true,"href":"https:\/\/thelumebodrum.com\/fr\/wp-json\/wp\/v2\/comments?post=1134"}],"version-history":[{"count":6,"href":"https:\/\/thelumebodrum.com\/fr\/wp-json\/wp\/v2\/pages\/1134\/revisions"}],"predecessor-version":[{"id":1198,"href":"https:\/\/thelumebodrum.com\/fr\/wp-json\/wp\/v2\/pages\/1134\/revisions\/1198"}],"wp:attachment":[{"href":"https:\/\/thelumebodrum.com\/fr\/wp-json\/wp\/v2\/media?parent=1134"}],"curies":[{"name":"wp","href":"https:\/\/api.w.org\/{rel}","templated":true}]}}